{"id":19769,"date":"2024-05-09T11:45:56","date_gmt":"2024-05-09T09:45:56","guid":{"rendered":"https:\/\/www.okrasa.sk\/?post_type=product&#038;p=19769"},"modified":"2026-01-28T12:07:47","modified_gmt":"2026-01-28T11:07:47","slug":"christmas-bauble-with-name-20-8403-4-10-1pc","status":"publish","type":"product","link":"https:\/\/www.okrasa.sk\/en\/christmas-bauble-with-name-20-8403-4-10-1pc\/","title":{"rendered":"Christmas bauble with name 20\/8403-4\/10\/1pc"},"content":{"rendered":"<p>Glass X-mas baubles with christmas rose and name (date).\u00a0 Please, write name(date) to the window : V\u00e1\u0161 n\u00e1pis or NOTE in your order.<\/p>\n","protected":false},"excerpt":{"rendered":"<p>Glass X-mas baubles with christmas rose and name (date)<\/p>\n","protected":false},"featured_media":16091,"template":"","meta":{"site-sidebar-layout":"default","site-content-layout":"","ast-site-content-layout":"default","site-content-style":"default","site-sidebar-style":"default","ast-global-header-display":"","ast-banner-title-visibility":"","ast-main-header-display":"","ast-hfb-above-header-display":"","ast-hfb-below-header-display":"","ast-hfb-mobile-header-display":"","site-post-title":"","ast-breadcrumbs-content":"","ast-featured-img":"","footer-sml-layout":"","theme-transparent-header-meta":"default","adv-header-id-meta":"","stick-header-meta":"","header-above-stick-meta":"","header-main-stick-meta":"","header-below-stick-meta":"","astra-migrate-meta-layouts":"set","ast-page-background-enabled":"default","ast-page-background-meta":{"desktop":{"background-color":"","background-image":"","background-repeat":"repeat","background-position":"center center","background-size":"auto","background-attachment":"scroll","background-type":"","background-media":"","overlay-type":"","overlay-color":"","overlay-opacity":"","overlay-gradient":""},"tablet":{"background-color":"","background-image":"","background-repeat":"repeat","background-position":"center center","background-size":"auto","background-attachment":"scroll","background-type":"","background-media":"","overlay-type":"","overlay-color":"","overlay-opacity":"","overlay-gradient":""},"mobile":{"background-color":"","background-image":"","background-repeat":"repeat","background-position":"center center","background-size":"auto","background-attachment":"scroll","background-type":"","background-media":"","overlay-type":"","overlay-color":"","overlay-opacity":"","overlay-gradient":""}},"ast-content-background-meta":{"desktop":{"background-color":"var(--ast-global-color-5)","background-image":"","background-repeat":"repeat","background-position":"center center","background-size":"auto","background-attachment":"scroll","background-type":"","background-media":"","overlay-type":"","overlay-color":"","overlay-opacity":"","overlay-gradient":""},"tablet":{"background-color":"var(--ast-global-color-5)","background-image":"","background-repeat":"repeat","background-position":"center center","background-size":"auto","background-attachment":"scroll","background-type":"","background-media":"","overlay-type":"","overlay-color":"","overlay-opacity":"","overlay-gradient":""},"mobile":{"background-color":"var(--ast-global-color-5)","background-image":"","background-repeat":"repeat","background-position":"center center","background-size":"auto","background-attachment":"scroll","background-type":"","background-media":"","overlay-type":"","overlay-color":"","overlay-opacity":"","overlay-gradient":""}}},"product_brand":[],"product_cat":[264,266],"product_tag":[318],"class_list":{"0":"post-19769","1":"product","2":"type-product","3":"status-publish","4":"has-post-thumbnail","6":"product_cat-christmas-baubles-with-name","7":"product_cat-traditional-christmas-en","8":"product_tag-tradicional","9":"desktop-align-left","10":"tablet-align-left","11":"mobile-align-left","13":"first","14":"instock","15":"taxable","16":"shipping-taxable","17":"purchasable","18":"product-type-simple"},"_links":{"self":[{"href":"https:\/\/www.okrasa.sk\/en\/wp-json\/wp\/v2\/product\/19769","targetHints":{"allow":["GET"]}}],"collection":[{"href":"https:\/\/www.okrasa.sk\/en\/wp-json\/wp\/v2\/product"}],"about":[{"href":"https:\/\/www.okrasa.sk\/en\/wp-json\/wp\/v2\/types\/product"}],"wp:featuredmedia":[{"embeddable":true,"href":"https:\/\/www.okrasa.sk\/en\/wp-json\/wp\/v2\/media\/16091"}],"wp:attachment":[{"href":"https:\/\/www.okrasa.sk\/en\/wp-json\/wp\/v2\/media?parent=19769"}],"wp:term":[{"taxonomy":"product_brand","embeddable":true,"href":"https:\/\/www.okrasa.sk\/en\/wp-json\/wp\/v2\/product_brand?post=19769"},{"taxonomy":"product_cat","embeddable":true,"href":"https:\/\/www.okrasa.sk\/en\/wp-json\/wp\/v2\/product_cat?post=19769"},{"taxonomy":"product_tag","embeddable":true,"href":"https:\/\/www.okrasa.sk\/en\/wp-json\/wp\/v2\/product_tag?post=19769"}],"curies":[{"name":"wp","href":"https:\/\/api.w.org\/{rel}","templated":true}]}}